{"id":2510,"date":"2020-02-08T20:54:17","date_gmt":"2020-02-08T19:54:17","guid":{"rendered":"https:\/\/www.handball-ulm.de\/?page_id=2510"},"modified":"2020-02-09T12:13:11","modified_gmt":"2020-02-09T11:13:11","slug":"lundaspelen-2016","status":"publish","type":"page","link":"https:\/\/www.handball-ulm.de\/?page_id=2510","title":{"rendered":"Lundaspelen 2016"},"content":{"rendered":"\n<p><strong>Lundaspelen\n2016 \u2013 Wir waren dabei<\/strong><\/p>\n\n\n\n<figure class=\"wp-block-image size-large\"><img loading=\"lazy\" decoding=\"async\" width=\"1024\" height=\"683\" src=\"https:\/\/www.handball-ulm.de\/wp-content\/uploads\/2020\/02\/Lund2-1024x683.jpg\" alt=\"\" class=\"wp-image-2549\" srcset=\"https:\/\/www.handball-ulm.de\/wp-content\/uploads\/2020\/02\/Lund2-1024x683.jpg 1024w, https:\/\/www.handball-ulm.de\/wp-content\/uploads\/2020\/02\/Lund2-300x200.jpg 300w, https:\/\/www.handball-ulm.de\/wp-content\/uploads\/2020\/02\/Lund2-768x512.jpg 768w, https:\/\/www.handball-ulm.de\/wp-content\/uploads\/2020\/02\/Lund2-600x400.jpg 600w, https:\/\/www.handball-ulm.de\/wp-content\/uploads\/2020\/02\/Lund2-1170x780.jpg 1170w, https:\/\/www.handball-ulm.de\/wp-content\/uploads\/2020\/02\/Lund2.jpg 1296w\" sizes=\"(max-width: 1024px) 100vw, 1024px\" \/><\/figure>\n\n\n\n<p>26.12. \u2013 30.12.2016 <\/p>\n\n\n\n<p>W\u00e4hrend sich die meisten unserer SG\nHandballer den Weihnachtsbraten schmecken lie\u00dfen, packten die SpielerInnen und\nBetreuer der Mannschaften mC, mB, mA und wB ihre Handballsachen, Isomatten und\nSchlafs\u00e4cke. Am Abend des ersten Weihnachtstages machten wir uns auf den Weg\nins 1.200 km entfernte s\u00fcdschwedische Lund, zum gr\u00f6\u00dften Jugendhandballturnier\nder Welt: den Lundaspelen. <\/p>\n\n\n\n<p>Die Universit\u00e4tsstadt Lund mit ihren\n80.000 Einwohnern ist eine Handballhochburg. Die beiden Handballvereine der\nStadt (H43 Lund und Lugi HF) sind mit ihren aktiven Mannschaften in den Top\nLigen Schwedens vertreten. Der ehemalige schwedische Nationalspieler Kim Ekdahl\nDu Rietz von den Rhein Neckar L\u00f6wen hat bei Lugi das Handballspielen gelernt.\nDie Lundaspelen werden seit 1978 ausgetragen und locken seitdem hochkar\u00e4tige\nJugendmannschaften zu diesem Turnier. Dieses Jahr nahmen u.a. Jugendliche aus\nSchweden, D\u00e4nemark, Finnland, Norwegen, Deutschland, Belgien, Italien, Litauen,\nHongkong, Kroatien und den Niederlanden teil. Das Motto f\u00fcr die 9500\nSpielerInnen aus 15 Nationen lautet: \u201eCreating memories for life\u201c.<\/p>\n\n\n\n<figure class=\"wp-block-image size-large\"><img loading=\"lazy\" decoding=\"async\" width=\"1024\" height=\"566\" src=\"https:\/\/www.handball-ulm.de\/wp-content\/uploads\/2020\/02\/Lund-1024x566.jpg\" alt=\"\" class=\"wp-image-2550\" srcset=\"https:\/\/www.handball-ulm.de\/wp-content\/uploads\/2020\/02\/Lund-1024x566.jpg 1024w, https:\/\/www.handball-ulm.de\/wp-content\/uploads\/2020\/02\/Lund-300x166.jpg 300w, https:\/\/www.handball-ulm.de\/wp-content\/uploads\/2020\/02\/Lund-768x424.jpg 768w, https:\/\/www.handball-ulm.de\/wp-content\/uploads\/2020\/02\/Lund.jpg 1157w\" sizes=\"(max-width: 1024px) 100vw, 1024px\" \/><\/figure>\n\n\n\n<p>Die Organisation des Riesen-Turniers\nist perfekt: Die Teilnehmer k\u00f6nnen den \u00f6ffentlichen Nahverkehr nutzen und\nwerden in Schulkantinen verpflegt. WLAN ist \u00fcberall gratis nutzbar, und es\nsteht eine Lundaspelen-App zur Verf\u00fcgung, mit Hilfe derer, die\nDaheimgebliebenen s\u00e4mtliche Spiele am Liveticker verfolgen k\u00f6nnen. Es wird an\nden 4 Turniertagen in \u00fcber 20 Hallen in und um Lund von 8 Uhr morgens bis 22\nUhr abends gespielt. W\u00e4hrend sich die mitgereisten Eltern der SG in den Hotels\nder Stadt untergebracht hatten, \u00fcbernachteten unsere Handballer mit ihren\nTrainern in einer Schule. Aufgrund der teilweise weiten Anfahrtswege zu den Hallen\nund den fr\u00fchen Anwurfzeiten konnte es unseren Jugendlichen passieren, dass sie\nsich trotz Ferien um 6 Uhr aus ihren Schlafs\u00e4cken sch\u00e4len mussten. <\/p>\n\n\n\n<figure class=\"wp-block-image size-large\"><img loading=\"lazy\" decoding=\"async\" width=\"1024\" height=\"462\" src=\"https:\/\/www.handball-ulm.de\/wp-content\/uploads\/2020\/02\/Lund3-1024x462.jpg\" alt=\"\" class=\"wp-image-2551\" srcset=\"https:\/\/www.handball-ulm.de\/wp-content\/uploads\/2020\/02\/Lund3-1024x462.jpg 1024w, https:\/\/www.handball-ulm.de\/wp-content\/uploads\/2020\/02\/Lund3-300x135.jpg 300w, https:\/\/www.handball-ulm.de\/wp-content\/uploads\/2020\/02\/Lund3-768x347.jpg 768w, https:\/\/www.handball-ulm.de\/wp-content\/uploads\/2020\/02\/Lund3-1536x694.jpg 1536w, https:\/\/www.handball-ulm.de\/wp-content\/uploads\/2020\/02\/Lund3-1170x528.jpg 1170w, https:\/\/www.handball-ulm.de\/wp-content\/uploads\/2020\/02\/Lund3.jpg 1632w\" sizes=\"(max-width: 1024px) 100vw, 1024px\" \/><\/figure>\n\n\n\n<p>Die Gegner unserer Teams aus\nDeutschland, Schweden, D\u00e4nemark und Holland waren allesamt stark bis erstklassig,\nsodass keine unserer Mannschaften den Einzug in die A Playoffs schaffte.\nH\u00f6hepunkt war der errungene Punkt unserer M\u00e4dels gegen Hongkong und auch unsere\nJungs konnten streckenweise gut gegen die Topteams mithalten.&nbsp; <\/p>\n\n\n\n<p>In einem Punkt waren wir jedoch\nunschlagbar: Die Mannschaften fuhren geschlossen \u2013 soweit nicht durch ein Spiel\nabgehalten \u2013 zu jeder Austragungsst\u00e4tte, um gro\u00df wie \u201eklein\u201c stimmkr\u00e4ftig gegen\ndie Wikinger anzufeuern.<\/p>\n\n\n\n<p>Neben der Er\u00f6ffnungsfeier und der\nPlayers-Party (nicht angetreten \u2013 Bett bevorzugt) stand f\u00fcr unsere SpielerInnen\nder Besuch zweier Erstliga-Spielen der Damen- und Herrenmannschaften von Lund\nin der Sparbanken-Arena auf dem Programm. Am Finaltag konnten wir alle\ngemeinsam die Endspiele in der berstend vollen WM-Halle verfolgen. Sch\u00f6n, dass\nim Rahmen des Turniers in Lund auch Behindertensport ausgetragen wird. Es gibt\nspezielle Klassen f\u00fcr Rollstuhlhandball sowie geistig Behinderte. Auch diese\nTeams der Special Class durften ihre Endspiele vor tausenden Zuschauern in der\nArena austragen und hatten sichtlich ihren Spa\u00df daran. <\/p>\n\n\n\n<figure class=\"wp-block-image size-large\"><img loading=\"lazy\" decoding=\"async\" width=\"1024\" height=\"683\" src=\"https:\/\/www.handball-ulm.de\/wp-content\/uploads\/2020\/02\/Lund5-1024x683.jpg\" alt=\"\" class=\"wp-image-2553\" srcset=\"https:\/\/www.handball-ulm.de\/wp-content\/uploads\/2020\/02\/Lund5-1024x683.jpg 1024w, https:\/\/www.handball-ulm.de\/wp-content\/uploads\/2020\/02\/Lund5-300x200.jpg 300w, https:\/\/www.handball-ulm.de\/wp-content\/uploads\/2020\/02\/Lund5-768x512.jpg 768w, https:\/\/www.handball-ulm.de\/wp-content\/uploads\/2020\/02\/Lund5-600x400.jpg 600w, https:\/\/www.handball-ulm.de\/wp-content\/uploads\/2020\/02\/Lund5-1170x780.jpg 1170w, https:\/\/www.handball-ulm.de\/wp-content\/uploads\/2020\/02\/Lund5.jpg 1296w\" sizes=\"(max-width: 1024px) 100vw, 1024px\" \/><\/figure>\n\n\n\n<p>Unsere Spielerinnen und Spieler sind\nam Silvester-Morgen nach 18 Stunden Busfahrt allesamt wieder heil in Wiblingen\nangekommen. Zwar m\u00fcde, doch mit jeder Menge \u201eMemories for life\u201c im Gep\u00e4ck.\nBleibt noch Danke zu sagen an alle, die uns dieses tolle Erlebnis erm\u00f6glicht\nhaben: den Organisatoren, den Trainern und Betreuern, den Sponsoren, unserem\nF\u00f6rderverein und unseren Eltern. <\/p>\n\n\n\n<p>Wir kommen wieder: SG@lundaspelen<\/p>\n\n\n\n<p>Familie Kicherer und Marion H\u00e4rtel<\/p>\n\n\n\n<figure class=\"wp-block-image size-large\"><img loading=\"lazy\" decoding=\"async\" width=\"1024\" height=\"683\" src=\"https:\/\/www.handball-ulm.de\/wp-content\/uploads\/2020\/02\/Lund4-1024x683.jpg\" alt=\"\" class=\"wp-image-2552\" srcset=\"https:\/\/www.handball-ulm.de\/wp-content\/uploads\/2020\/02\/Lund4-1024x683.jpg 1024w, https:\/\/www.handball-ulm.de\/wp-content\/uploads\/2020\/02\/Lund4-300x200.jpg 300w, https:\/\/www.handball-ulm.de\/wp-content\/uploads\/2020\/02\/Lund4-768x512.jpg 768w, https:\/\/www.handball-ulm.de\/wp-content\/uploads\/2020\/02\/Lund4-600x400.jpg 600w, https:\/\/www.handball-ulm.de\/wp-content\/uploads\/2020\/02\/Lund4-1170x780.jpg 1170w, https:\/\/www.handball-ulm.de\/wp-content\/uploads\/2020\/02\/Lund4.jpg 1296w\" sizes=\"(max-width: 1024px) 100vw, 1024px\" \/><\/figure>\n","protected":false},"excerpt":{"rendered":"<p>Lundaspelen 2016 \u2013 Wir waren dabei 26.12. \u2013 30.12.2016 W\u00e4hrend sich die meisten unserer SG Handballer den Weihnachtsbraten schmecken lie\u00dfen, packten die SpielerInnen und Betreuer der Mannschaften mC, mB, mA und wB ihre Handballsachen, Isomatten und Schlafs\u00e4cke. Am Abend des ersten Weihnachtstages machten wir uns auf den Weg ins 1.200 km entfernte s\u00fcdschwedische Lund, zum [&hellip;]<\/p>\n<br\/><br\/><a class=\"read-more\" href=\"https:\/\/www.handball-ulm.de\/?page_id=2510\"> Mehr lesen...<\/a>","protected":false},"author":1,"featured_media":0,"parent":0,"menu_order":0,"comment_status":"closed","ping_status":"closed","template":"","meta":{"ngg_post_thumbnail":0,"footnotes":""},"_links":{"self":[{"href":"https:\/\/www.handball-ulm.de\/index.php?rest_route=\/wp\/v2\/pages\/2510"}],"collection":[{"href":"https:\/\/www.handball-ulm.de\/index.php?rest_route=\/wp\/v2\/pages"}],"about":[{"href":"https:\/\/www.handball-ulm.de\/index.php?rest_route=\/wp\/v2\/types\/page"}],"author":[{"embeddable":true,"href":"https:\/\/www.handball-ulm.de\/index.php?rest_route=\/wp\/v2\/users\/1"}],"replies":[{"embeddable":true,"href":"https:\/\/www.handball-ulm.de\/index.php?rest_route=%2Fwp%2Fv2%2Fcomments&post=2510"}],"version-history":[{"count":3,"href":"https:\/\/www.handball-ulm.de\/index.php?rest_route=\/wp\/v2\/pages\/2510\/revisions"}],"predecessor-version":[{"id":2554,"href":"https:\/\/www.handball-ulm.de\/index.php?rest_route=\/wp\/v2\/pages\/2510\/revisions\/2554"}],"wp:attachment":[{"href":"https:\/\/www.handball-ulm.de\/index.php?rest_route=%2Fwp%2Fv2%2Fmedia&parent=2510"}],"curies":[{"name":"wp","href":"https:\/\/api.w.org\/{rel}","templated":true}]}}