{"id":140,"date":"2018-05-20T15:11:25","date_gmt":"2018-05-20T13:11:25","guid":{"rendered":"https:\/\/sgulm.tcremer.de\/?page_id=140"},"modified":"2020-02-08T21:03:47","modified_gmt":"2020-02-08T20:03:47","slug":"der-verein","status":"publish","type":"page","link":"https:\/\/www.handball-ulm.de\/?page_id=140","title":{"rendered":"Was ist die SG?"},"content":{"rendered":"<h4><strong>Handball<\/strong> \u2013 ein ehrlicher, kluger und fordernder Mannschaftssport.<\/h4>\n<p>Jedes Mannschaftsmitglied ist wichtig und leistet seinen Beitrag zum Mannschaftserfolg in der SG Ulm &amp; Wiblingen.<\/p>\n<p>Die SG Ulm &amp; Wiblingen ist ein besonderer Verein!<\/p>\n<p>Ob in der Jugend oder im Aktivenbereich.<br \/>\nKinder, Eltern, Studenten, mit beiden Beinen im Leben Stehende.<br \/>\nBei uns ist jeder herzlich willkommen.<\/p>\n<p>Jedes (Vereins) Mitglied tr\u00e4gt zur Bildung sozialer und sportlicher Aktivit\u00e4ten nach seinen M\u00f6glichkeiten bei und erlebt viele spannende Momente.<\/p>\n<p>Momente, die ein Leben lang in Erinnerung bleiben. Von Miniminis bis Aktive, von Spieler bis Unterst\u00fctzer. In der SG Ulm &amp; Wiblingen, einer Gemeinschaft, die sich aus den Abteilungen des SSV 1846 und des TV Wiblingen 1805 e.V. bildet.<\/p>\n<p>Neben dem Handballsport findet hier jeder auch au\u00dferhalb seinen Platz bei zahlreichen Festen, Ausfl\u00fcgen und Turnieren.<\/p>\n<p>In unserer Gemeinschaft sind wir gro\u00df und stark.<\/p>\n<p>Handball macht klug und fit!<\/p>\n<p>Wann kommst Du zu uns in die <strong>SG Ulm &amp; Wiblingen<\/strong>?!<\/p>\n<p>&nbsp;<\/p>\n<h4>p.s. wir suchen <a href=\"\/?page_id=819\" target=\"_blank\" rel=\"noopener noreferrer\">Verst\u00e4rkung<\/a><\/h4>\n","protected":false},"excerpt":{"rendered":"<p>Handball \u2013 ein ehrlicher, kluger und fordernder Mannschaftssport. Jedes Mannschaftsmitglied ist wichtig und leistet seinen Beitrag zum Mannschaftserfolg in der SG Ulm &amp; Wiblingen. Die SG Ulm &amp; Wiblingen ist ein besonderer Verein! Ob in der Jugend oder im Aktivenbereich. Kinder, Eltern, Studenten, mit beiden Beinen im Leben Stehende. Bei uns ist jeder herzlich willkommen. [&hellip;]<\/p>\n<br\/><br\/><a class=\"read-more\" href=\"https:\/\/www.handball-ulm.de\/?page_id=140\"> Mehr lesen...<\/a>","protected":false},"author":1,"featured_media":0,"parent":0,"menu_order":0,"comment_status":"closed","ping_status":"closed","template":"page-with-sidebar-verein.php","meta":{"ngg_post_thumbnail":0,"footnotes":""},"_links":{"self":[{"href":"https:\/\/www.handball-ulm.de\/index.php?rest_route=\/wp\/v2\/pages\/140"}],"collection":[{"href":"https:\/\/www.handball-ulm.de\/index.php?rest_route=\/wp\/v2\/pages"}],"about":[{"href":"https:\/\/www.handball-ulm.de\/index.php?rest_route=\/wp\/v2\/types\/page"}],"author":[{"embeddable":true,"href":"https:\/\/www.handball-ulm.de\/index.php?rest_route=\/wp\/v2\/users\/1"}],"replies":[{"embeddable":true,"href":"https:\/\/www.handball-ulm.de\/index.php?rest_route=%2Fwp%2Fv2%2Fcomments&post=140"}],"version-history":[{"count":16,"href":"https:\/\/www.handball-ulm.de\/index.php?rest_route=\/wp\/v2\/pages\/140\/revisions"}],"predecessor-version":[{"id":2525,"href":"https:\/\/www.handball-ulm.de\/index.php?rest_route=\/wp\/v2\/pages\/140\/revisions\/2525"}],"wp:attachment":[{"href":"https:\/\/www.handball-ulm.de\/index.php?rest_route=%2Fwp%2Fv2%2Fmedia&parent=140"}],"curies":[{"name":"wp","href":"https:\/\/api.w.org\/{rel}","templated":true}]}}